{"id":510,"date":"2019-03-06T08:02:47","date_gmt":"2019-03-06T08:02:47","guid":{"rendered":"http:\/\/son.webrt.vn\/coresanpham\/?page_id=510"},"modified":"2023-03-03T07:26:51","modified_gmt":"2023-03-03T07:26:51","slug":"lien-he","status":"publish","type":"page","link":"https:\/\/asicland.vn\/en\/lien-he\/","title":{"rendered":"Li\u00ean h\u1ec7"},"content":{"rendered":"\t<section class=\"section section_contact\" id=\"section_1054588823\">\n\t\t<div class=\"bg section-bg fill bg-fill  bg-loaded\" >\n\n\t\t\t\n\t\t\t\n\t\t\t\n\n\t\t<\/div>\n\n\t\t\n\n\t\t<div class=\"section-content relative\">\n\t\t\t\n<div class=\"row\"  id=\"row-679249385\">\n\n\t<div id=\"col-823880641\" class=\"col small-12 large-12\"  >\n\t\t\t\t<div class=\"col-inner\"  >\n\t\t\t\n\t\t\t\n<div class=\"container section-title-container\" ><h1 class=\"section-title section-title-normal\"><b><\/b><span class=\"section-title-main\" >Li\u00ean h\u1ec7<\/span><b><\/b><\/h1><\/div>\n\n\t\t<div class=\"tabbed-content\">\n\t\t\t\n\t\t\t<ul class=\"nav nav-outline nav-uppercase nav-size-normal nav-left\" role=\"tablist\"><li id=\"tab-tr\u1ee5-s\u1edf-t\u1ea1i-h\u00e0-n\u1ed9i\" class=\"tab active has-icon\" role=\"presentation\"><a href=\"#tab_tr\u1ee5-s\u1edf-t\u1ea1i-h\u00e0-n\u1ed9i\" role=\"tab\" aria-selected=\"true\" aria-controls=\"tab_tr\u1ee5-s\u1edf-t\u1ea1i-h\u00e0-n\u1ed9i\"><span>Tr\u1ee5 s\u1edf t\u1ea1i H\u00e0 N\u1ed9i<\/span><\/a><\/li>\n<li id=\"tab-tr\u1ee5-s\u1edf-t\u1ea1i-h\u00e0-n\u1ed9i\" class=\"tab has-icon\" role=\"presentation\"><a href=\"#tab_tr\u1ee5-s\u1edf-t\u1ea1i-h\u00e0-n\u1ed9i\" tabindex=\"-1\" role=\"tab\" aria-selected=\"false\" aria-controls=\"tab_tr\u1ee5-s\u1edf-t\u1ea1i-h\u00e0-n\u1ed9i\"><span>Tr\u1ee5 s\u1edf t\u1ea1i H\u00e0 N\u1ed9i<\/span><\/a><\/li>\n<li id=\"tab-tr\u1ee5-s\u1edf-t\u1ea1i-h\u00e0-n\u1ed9i\" class=\"tab has-icon\" role=\"presentation\"><a href=\"#tab_tr\u1ee5-s\u1edf-t\u1ea1i-h\u00e0-n\u1ed9i\" tabindex=\"-1\" role=\"tab\" aria-selected=\"false\" aria-controls=\"tab_tr\u1ee5-s\u1edf-t\u1ea1i-h\u00e0-n\u1ed9i\"><span>Tr\u1ee5 s\u1edf t\u1ea1i H\u00e0 N\u1ed9i<\/span><\/a><\/li><\/ul><div class=\"tab-panels\"><div id=\"tab_tr\u1ee5-s\u1edf-t\u1ea1i-h\u00e0-n\u1ed9i\" class=\"panel active entry-content\" role=\"tabpanel\" aria-labelledby=\"tab-tr\u1ee5-s\u1edf-t\u1ea1i-h\u00e0-n\u1ed9i\">\n<div class=\"row\"  id=\"row-1430304550\">\n\n\t<div id=\"col-1352927553\" class=\"col medium-6 small-12 large-6\"  >\n\t\t\t\t<div class=\"col-inner\"  >\n\t\t\t\n\t\t\t\n<p><iframe src=\"https:\/\/www.google.com\/maps\/embed?pb=!1m16!1m12!1m3!1d7435.47855487637!2d106.19204252673046!3d21.281785590666786!2m3!1f0!2f0!3f0!3m2!1i1024!2i768!4f13.1!2m1!1zU-G7kSA5IMSRxrDhu51uZyBYxrDGoW5nIEdpYW5nIDIsIFBOZ8O0IFF1eeG7gW4sIFRQQuG6r2MgR2lhbmcsIELhuq9jIEdpYW5n!5e0!3m2!1svi!2s!4v1677828308010!5m2!1svi!2s\" width=\"100%\" height=\"350\" style=\"border:0;\" allowfullscreen=\"\" loading=\"lazy\" referrerpolicy=\"no-referrer-when-downgrade\"><\/iframe><\/p>\n\t\t<\/div>\n\t\t\t\t\t<\/div>\n\n\t\n\n\t<div id=\"col-1877861752\" class=\"col medium-6 small-12 large-6\"  >\n\t\t\t\t<div class=\"col-inner\"  >\n\t\t\t\n\t\t\t\n<h2><span style=\"color: #000000;\"><strong>TR\u1ee4 S\u1ede T\u1ea0I H\u00c0 N\u1ed8I<\/strong><\/span><\/h2>\n<p>C\u00d4NG TY C\u1ed4 PH\u1ea6N \u0110\u1ea6U T\u01af ASIC<\/p>\n<p>\u0110\u1ecba ch\u1ec9: S\u1ed1 9 \u0111\u01b0\u1eddng X\u01b0\u01a1ng Giang 2, PNg\u00f4 Quy\u1ec1n, TPB\u1eafc Giang, B\u1eafc Giang<\/p>\n<p>M\u00e3 s\u1ed1 thu\u1ebf:2400834187<\/p>\n<p>Hotline: 0926.590.999 &#8211; 0949. 207.237 (Mr Ho\u00e0ng) &#8211; 0933.487.466(Mr Huy)<\/p>\n<p>Email: asciland@gmail.com<\/p>\n<p>Website: asicland.vn<\/p>\n\t\t<\/div>\n\t\t\t\t\t<\/div>\n\n\t\n<\/div>\n<\/div>\n<div id=\"tab_tr\u1ee5-s\u1edf-t\u1ea1i-h\u00e0-n\u1ed9i\" class=\"panel entry-content\" role=\"tabpanel\" aria-labelledby=\"tab-tr\u1ee5-s\u1edf-t\u1ea1i-h\u00e0-n\u1ed9i\">\n<div class=\"row\"  id=\"row-745067383\">\n\n\t<div id=\"col-1340833527\" class=\"col medium-6 small-12 large-6\"  >\n\t\t\t\t<div class=\"col-inner\"  >\n\t\t\t\n\t\t\t\n<p><iframe src=\"https:\/\/www.google.com\/maps\/embed?pb=!1m16!1m12!1m3!1d7435.47855487637!2d106.19204252673046!3d21.281785590666786!2m3!1f0!2f0!3f0!3m2!1i1024!2i768!4f13.1!2m1!1zU-G7kSA5IMSRxrDhu51uZyBYxrDGoW5nIEdpYW5nIDIsIFBOZ8O0IFF1eeG7gW4sIFRQQuG6r2MgR2lhbmcsIELhuq9jIEdpYW5n!5e0!3m2!1svi!2s!4v1677828308010!5m2!1svi!2s\" width=\"100%\" height=\"350\" style=\"border:0;\" allowfullscreen=\"\" loading=\"lazy\" referrerpolicy=\"no-referrer-when-downgrade\"><\/iframe><\/p>\n\t\t<\/div>\n\t\t\t\t\t<\/div>\n\n\t\n\n\t<div id=\"col-230097013\" class=\"col medium-6 small-12 large-6\"  >\n\t\t\t\t<div class=\"col-inner\"  >\n\t\t\t\n\t\t\t\n<h2><span style=\"color: #000000;\"><strong>TR\u1ee4 S\u1ede T\u1ea0I H\u00c0 N\u1ed8I<\/strong><\/span><\/h2>\n<p>C\u00d4NG TY C\u1ed4 PH\u1ea6N \u0110\u1ea6U T\u01af ASIC<\/p>\n<p>\u0110\u1ecba ch\u1ec9: S\u1ed1 9 \u0111\u01b0\u1eddng X\u01b0\u01a1ng Giang 2, PNg\u00f4 Quy\u1ec1n, TPB\u1eafc Giang, B\u1eafc Giang<\/p>\n<p>M\u00e3 s\u1ed1 thu\u1ebf:2400834187<\/p>\n<p>Hotline: 0926.590.999 &#8211; 0949. 207.237 (Mr Ho\u00e0ng) &#8211; 0933.487.466(Mr Huy)<\/p>\n<p>Email: asciland@gmail.com<\/p>\n<p>Website: asicland.vn<\/p>\n\t\t<\/div>\n\t\t\t\t\t<\/div>\n\n\t\n<\/div>\n<\/div>\n<div id=\"tab_tr\u1ee5-s\u1edf-t\u1ea1i-h\u00e0-n\u1ed9i\" class=\"panel entry-content\" role=\"tabpanel\" aria-labelledby=\"tab-tr\u1ee5-s\u1edf-t\u1ea1i-h\u00e0-n\u1ed9i\">\n<div class=\"row\"  id=\"row-1459079018\">\n\n\t<div id=\"col-219855752\" class=\"col medium-6 small-12 large-6\"  >\n\t\t\t\t<div class=\"col-inner\"  >\n\t\t\t\n\t\t\t\n<p><iframe src=\"https:\/\/www.google.com\/maps\/embed?pb=!1m16!1m12!1m3!1d7435.47855487637!2d106.19204252673046!3d21.281785590666786!2m3!1f0!2f0!3f0!3m2!1i1024!2i768!4f13.1!2m1!1zU-G7kSA5IMSRxrDhu51uZyBYxrDGoW5nIEdpYW5nIDIsIFBOZ8O0IFF1eeG7gW4sIFRQQuG6r2MgR2lhbmcsIELhuq9jIEdpYW5n!5e0!3m2!1svi!2s!4v1677828308010!5m2!1svi!2s\" width=\"100%\" height=\"350\" style=\"border:0;\" allowfullscreen=\"\" loading=\"lazy\" referrerpolicy=\"no-referrer-when-downgrade\"><\/iframe><\/p>\n\t\t<\/div>\n\t\t\t\t\t<\/div>\n\n\t\n\n\t<div id=\"col-1821531565\" class=\"col medium-6 small-12 large-6\"  >\n\t\t\t\t<div class=\"col-inner\"  >\n\t\t\t\n\t\t\t\n<h2><span style=\"color: #000000;\"><strong>TR\u1ee4 S\u1ede T\u1ea0I H\u00c0 N\u1ed8I<\/strong><\/span><\/h2>\n<p>C\u00d4NG TY C\u1ed4 PH\u1ea6N \u0110\u1ea6U T\u01af ASIC<\/p>\n<p>\u0110\u1ecba ch\u1ec9: S\u1ed1 9 \u0111\u01b0\u1eddng X\u01b0\u01a1ng Giang 2, PNg\u00f4 Quy\u1ec1n, TPB\u1eafc Giang, B\u1eafc Giang<\/p>\n<p>M\u00e3 s\u1ed1 thu\u1ebf:2400834187<\/p>\n<p>Hotline: 0926.590.999 &#8211; 0949. 207.237 (Mr Ho\u00e0ng) &#8211; 0933.487.466(Mr Huy)<\/p>\n<p>Email: asciland@gmail.com<\/p>\n<p>Website: asicland.vn<\/p>\n\t\t<\/div>\n\t\t\t\t\t<\/div>\n\n\t\n<\/div>\n<\/div><\/div><\/div>\n\t\t<\/div>\n\t\t\t\t\t<\/div>\n\n\t\n<\/div>\n<div class=\"row\"  id=\"row-918976813\">\n\n\t<div id=\"col-628052667\" class=\"col medium-3 small-12 large-3\"  >\n\t\t\t\t<div class=\"col-inner\"  >\n\t\t\t\n\t\t\t\n\t\t<\/div>\n\t\t\t\t\t<\/div>\n\n\t\n\n\t<div id=\"col-1515522128\" class=\"col medium-6 small-12 large-6\"  >\n\t\t\t\t<div class=\"col-inner text-center\"  >\n\t\t\t\n\t\t\t\n \n    <div class=\"block__element_head\">\n    <h2 class=\"heading\"><span>\u00dd ki\u1ebfn ph\u1ea3n h\u1ed3i<\/span><\/h2>\n    <p class=\"text_head\"><\/p>\n   \n    <\/div>\n\n\n<div class=\"wpcf7 no-js\" id=\"wpcf7-f2659-o1\" lang=\"vi\" dir=\"ltr\">\n<div class=\"screen-reader-response\"><p role=\"status\" aria-live=\"polite\" aria-atomic=\"true\"><\/p> <ul><\/ul><\/div>\n<form action=\"\/en\/wp-json\/wp\/v2\/pages\/510#wpcf7-f2659-o1\" method=\"post\" class=\"wpcf7-form init\" aria-label=\"Form li\u00ean h\u1ec7\" novalidate=\"novalidate\" data-status=\"init\">\n<div style=\"display: none;\">\n<input type=\"hidden\" name=\"_wpcf7\" value=\"2659\" \/>\n<input type=\"hidden\" name=\"_wpcf7_version\" value=\"5.7.4\" \/>\n<input type=\"hidden\" name=\"_wpcf7_locale\" value=\"vi\" \/>\n<input type=\"hidden\" name=\"_wpcf7_unit_tag\" value=\"wpcf7-f2659-o1\" \/>\n<input type=\"hidden\" name=\"_wpcf7_container_post\" value=\"0\" \/>\n<input type=\"hidden\" name=\"_wpcf7_posted_data_hash\" value=\"\" \/>\n<\/div>\n<p><label> T\u00ean kh\u00e1ch h\u00e0ng *<br \/>\n<span class=\"wpcf7-form-control-wrap\" data-name=\"text-241\"><input size=\"40\" class=\"wpcf7-form-control wpcf7-text wpcf7-validates-as-required\" aria-required=\"true\" aria-invalid=\"false\" placeholder=\"\" value=\"\" type=\"text\" name=\"text-241\" \/><\/span> <\/label>\n<\/p>\n<p><label> S\u1ed1 \u0111i\u1ec7n tho\u1ea1i *<br \/>\n<span class=\"wpcf7-form-control-wrap\" data-name=\"tel-987\"><input size=\"40\" class=\"wpcf7-form-control wpcf7-text wpcf7-tel wpcf7-validates-as-required wpcf7-validates-as-tel\" aria-required=\"true\" aria-invalid=\"false\" placeholder=\"\" value=\"\" type=\"tel\" name=\"tel-987\" \/><\/span> <\/label>\n<\/p>\n<p><label> Email<br \/>\n<span class=\"wpcf7-form-control-wrap\" data-name=\"email-352\"><input size=\"40\" class=\"wpcf7-form-control wpcf7-text wpcf7-email wpcf7-validates-as-email\" aria-invalid=\"false\" placeholder=\"\" value=\"\" type=\"email\" name=\"email-352\" \/><\/span> <\/label>\n<\/p>\n<p><label> T\u1ec9nh\/ Th\u00e0nh ph\u1ed1 *<br \/>\n<span class=\"wpcf7-form-control-wrap\" data-name=\"menu-916\"><select class=\"wpcf7-form-control wpcf7-select wpcf7-validates-as-required\" aria-required=\"true\" aria-invalid=\"false\" name=\"menu-916\"><option value=\"Vui l\u00f2ng ch\u1ecdn\">Vui l\u00f2ng ch\u1ecdn<\/option><option value=\"An Giang\">An Giang<\/option><option value=\"B\u00e0 r\u1ecba \u2013 V\u0169ng t\u00e0u\">B\u00e0 r\u1ecba \u2013 V\u0169ng t\u00e0u<\/option><option value=\"B\u1eafc Giang\">B\u1eafc Giang<\/option><option value=\"B\u1eafc K\u1ea1n\">B\u1eafc K\u1ea1n<\/option><option value=\"B\u1ea1c Li\u00eau\">B\u1ea1c Li\u00eau<\/option><option value=\"B\u1eafc Ninh\">B\u1eafc Ninh<\/option><option value=\"B\u1ebfn Tre\">B\u1ebfn Tre<\/option><option value=\"B\u00ecnh \u0110\u1ecbnh\">B\u00ecnh \u0110\u1ecbnh<\/option><option value=\"B\u00ecnh D\u01b0\u01a1ng\">B\u00ecnh D\u01b0\u01a1ng<\/option><option value=\"B\u00ecnh Ph\u01b0\u1edbc\">B\u00ecnh Ph\u01b0\u1edbc<\/option><option value=\"B\u00ecnh Thu\u1eadn\">B\u00ecnh Thu\u1eadn<\/option><option value=\"C\u00e0 Mau\">C\u00e0 Mau<\/option><option value=\"C\u1ea7n Th\u01a1\">C\u1ea7n Th\u01a1<\/option><option value=\"Cao B\u1eb1ng\">Cao B\u1eb1ng<\/option><option value=\"\u0110\u00e0 N\u1eb5ng\">\u0110\u00e0 N\u1eb5ng<\/option><option value=\"\u0110\u1eafk L\u1eafk\">\u0110\u1eafk L\u1eafk<\/option><option value=\"\u0110\u1eafk N\u00f4ng\">\u0110\u1eafk N\u00f4ng<\/option><option value=\"\u0110i\u1ec7n Bi\u00ean\">\u0110i\u1ec7n Bi\u00ean<\/option><option value=\"\u0110\u1ed3ng Nai\">\u0110\u1ed3ng Nai<\/option><option value=\"\u0110\u1ed3ng Th\u00e1p\">\u0110\u1ed3ng Th\u00e1p<\/option><option value=\"Gia Lai\">Gia Lai<\/option><option value=\"H\u00e0 Giang\">H\u00e0 Giang<\/option><option value=\"H\u00e0 Nam\">H\u00e0 Nam<\/option><option value=\"H\u00e0 N\u1ed9i\">H\u00e0 N\u1ed9i<\/option><option value=\"H\u00e0 T\u0129nh\">H\u00e0 T\u0129nh<\/option><option value=\"H\u1ea3i D\u01b0\u01a1ng\">H\u1ea3i D\u01b0\u01a1ng<\/option><option value=\"H\u1ea3i Ph\u00f2ng\">H\u1ea3i Ph\u00f2ng<\/option><option value=\"H\u1eadu Giang\">H\u1eadu Giang<\/option><option value=\"H\u00f2a B\u00ecnh\">H\u00f2a B\u00ecnh<\/option><option value=\"H\u01b0ng Y\u00ean\">H\u01b0ng Y\u00ean<\/option><option value=\"Kh\u00e1nh H\u00f2a\">Kh\u00e1nh H\u00f2a<\/option><option value=\"Ki\u00ean Giang\">Ki\u00ean Giang<\/option><option value=\"Kon Tum\">Kon Tum<\/option><option value=\"Lai Ch\u00e2u\">Lai Ch\u00e2u<\/option><option value=\"L\u00e2m \u0110\u1ed3ng\">L\u00e2m \u0110\u1ed3ng<\/option><option value=\"L\u1ea1ng S\u01a1n\">L\u1ea1ng S\u01a1n<\/option><option value=\"L\u00e0o Cai\">L\u00e0o Cai<\/option><option value=\"Long An\">Long An<\/option><option value=\"Nam \u0110\u1ecbnh\">Nam \u0110\u1ecbnh<\/option><option value=\"Ngh\u1ec7 An\">Ngh\u1ec7 An<\/option><option value=\"Ninh B\u00ecnh\">Ninh B\u00ecnh<\/option><option value=\"Ninh Thu\u1eadn\">Ninh Thu\u1eadn<\/option><option value=\"Ph\u00fa Th\u1ecd\">Ph\u00fa Th\u1ecd<\/option><option value=\"Ph\u00fa Y\u00ean\">Ph\u00fa Y\u00ean<\/option><option value=\"Qu\u1ea3ng B\u00ecnh\">Qu\u1ea3ng B\u00ecnh<\/option><option value=\"Qu\u1ea3ng Nam\">Qu\u1ea3ng Nam<\/option><option value=\"Qu\u1ea3ng Ng\u00e3i\">Qu\u1ea3ng Ng\u00e3i<\/option><option value=\"Qu\u1ea3ng Ninh\">Qu\u1ea3ng Ninh<\/option><option value=\"Qu\u1ea3ng Tr\u1ecb\">Qu\u1ea3ng Tr\u1ecb<\/option><option value=\"S\u00f3c Tr\u0103ng\">S\u00f3c Tr\u0103ng<\/option><option value=\"S\u01a1n La\">S\u01a1n La<\/option><option value=\"T\u00e2y Ninh\">T\u00e2y Ninh<\/option><option value=\"Th\u00e1i B\u00ecnh\">Th\u00e1i B\u00ecnh<\/option><option value=\"Th\u00e1i Nguy\u00ean\">Th\u00e1i Nguy\u00ean<\/option><option value=\"Thanh H\u00f3a\">Thanh H\u00f3a<\/option><option value=\"Th\u1eeba Thi\u00ean Hu\u1ebf\">Th\u1eeba Thi\u00ean Hu\u1ebf<\/option><option value=\"Ti\u1ec1n Giang\">Ti\u1ec1n Giang<\/option><option value=\"Th\u00e0nh ph\u1ed1 H\u1ed3 Ch\u00ed Minh\">Th\u00e0nh ph\u1ed1 H\u1ed3 Ch\u00ed Minh<\/option><option value=\"Tr\u00e0 Vinh\">Tr\u00e0 Vinh<\/option><option value=\"Tuy\u00ean Quang\">Tuy\u00ean Quang<\/option><option value=\"V\u0129nh Long\">V\u0129nh Long<\/option><option value=\"V\u0129nh Ph\u00fac\">V\u0129nh Ph\u00fac<\/option><option value=\"Y\u00ean B\u00e1i\">Y\u00ean B\u00e1i<\/option><\/select><\/span><\/label><br \/>\n<div id=\"cf7sr-69e75d32b8b66\" class=\"cf7sr-g-recaptcha\" data-sitekey=\"6LffyfkhAAAAAKnyJjbEbaGMyU5Wu0fDedOGuInv\"><\/div><span class=\"wpcf7-form-control-wrap cf7sr-recaptcha\" data-name=\"cf7sr-recaptcha\"><input type=\"hidden\" name=\"cf7sr-recaptcha\" value=\"\" class=\"wpcf7-form-control\"><\/span>\n<\/p>\n<div>\n\t<p><input class=\"wpcf7-form-control has-spinner wpcf7-submit\" type=\"submit\" value=\"\u0110\u0103ng k\u00fd\" \/>\n\t<\/p>\n<\/div><div class=\"wpcf7-response-output\" aria-hidden=\"true\"><\/div>\n<\/form>\n<\/div>\n\n\t\t<\/div>\n\t\t\t\t\t<\/div>\n\n\t\n\n\t<div id=\"col-657774309\" class=\"col medium-3 small-12 large-3\"  >\n\t\t\t\t<div class=\"col-inner\"  >\n\t\t\t\n\t\t\t\n\t\t<\/div>\n\t\t\t\t\t<\/div>\n\n\t\n<\/div>\n\t\t<\/div>\n\n\t\t\n<style>\n#section_1054588823 {\n  padding-top: 30px;\n  padding-bottom: 30px;\n}\n#section_1054588823 .ux-shape-divider--top svg {\n  height: 150px;\n  --divider-top-width: 100%;\n}\n#section_1054588823 .ux-shape-divider--bottom svg {\n  height: 150px;\n  --divider-width: 100%;\n}\n<\/style>\n\t<\/section>\n\t\n","protected":false},"excerpt":{"rendered":"","protected":false},"author":1,"featured_media":0,"parent":0,"menu_order":17,"comment_status":"closed","ping_status":"closed","template":"page-blank.php","meta":[],"yoast_head":"<!-- This site is optimized with the Yoast SEO plugin v20.2.1 - https:\/\/yoast.com\/wordpress\/plugins\/seo\/ -->\n<title>asicland<\/title>\n<meta name=\"robots\" content=\"index, follow, max-snippet:-1, max-image-preview:large, max-video-preview:-1\" \/>\n<link rel=\"canonical\" href=\"https:\/\/asicland.vn\/en\/lien-he\/\" \/>\n<meta property=\"og:locale\" content=\"en_GB\" \/>\n<meta property=\"og:type\" content=\"article\" \/>\n<meta property=\"og:title\" content=\"asicland\" \/>\n<meta property=\"og:url\" content=\"https:\/\/asicland.vn\/en\/lien-he\/\" \/>\n<meta property=\"og:site_name\" content=\"asicland\" \/>\n<meta property=\"article:modified_time\" content=\"2023-03-03T07:26:51+00:00\" \/>\n<meta name=\"twitter:card\" content=\"summary_large_image\" \/>\n<meta name=\"twitter:label1\" content=\"Est. reading time\" \/>\n\t<meta name=\"twitter:data1\" content=\"2 minutes\" \/>\n<script type=\"application\/ld+json\" class=\"yoast-schema-graph\">{\"@context\":\"https:\/\/schema.org\",\"@graph\":[{\"@type\":\"WebPage\",\"@id\":\"https:\/\/asicland.vn\/en\/lien-he\/\",\"url\":\"https:\/\/asicland.vn\/en\/lien-he\/\",\"name\":\"asicland\",\"isPartOf\":{\"@id\":\"https:\/\/asicland.vn\/en\/#website\"},\"datePublished\":\"2019-03-06T08:02:47+00:00\",\"dateModified\":\"2023-03-03T07:26:51+00:00\",\"breadcrumb\":{\"@id\":\"https:\/\/asicland.vn\/en\/lien-he\/#breadcrumb\"},\"inLanguage\":\"en-GB\",\"potentialAction\":[{\"@type\":\"ReadAction\",\"target\":[\"https:\/\/asicland.vn\/en\/lien-he\/\"]}]},{\"@type\":\"BreadcrumbList\",\"@id\":\"https:\/\/asicland.vn\/en\/lien-he\/#breadcrumb\",\"itemListElement\":[{\"@type\":\"ListItem\",\"position\":1,\"name\":\"Trang ch\u1ee7\",\"item\":\"https:\/\/asicland.vn\/en\/\"},{\"@type\":\"ListItem\",\"position\":2,\"name\":\"Li\u00ean h\u1ec7\"}]},{\"@type\":\"WebSite\",\"@id\":\"https:\/\/asicland.vn\/en\/#website\",\"url\":\"https:\/\/asicland.vn\/en\/\",\"name\":\"asicland\",\"description\":\"\",\"potentialAction\":[{\"@type\":\"SearchAction\",\"target\":{\"@type\":\"EntryPoint\",\"urlTemplate\":\"https:\/\/asicland.vn\/en\/?s={search_term_string}\"},\"query-input\":\"required name=search_term_string\"}],\"inLanguage\":\"en-GB\"}]}<\/script>\n<!-- \/ Yoast SEO plugin. -->","yoast_head_json":{"title":"asicland","robots":{"index":"index","follow":"follow","max-snippet":"max-snippet:-1","max-image-preview":"max-image-preview:large","max-video-preview":"max-video-preview:-1"},"canonical":"https:\/\/asicland.vn\/en\/lien-he\/","og_locale":"en_GB","og_type":"article","og_title":"asicland","og_url":"https:\/\/asicland.vn\/en\/lien-he\/","og_site_name":"asicland","article_modified_time":"2023-03-03T07:26:51+00:00","twitter_card":"summary_large_image","twitter_misc":{"Est. reading time":"2 minutes"},"schema":{"@context":"https:\/\/schema.org","@graph":[{"@type":"WebPage","@id":"https:\/\/asicland.vn\/en\/lien-he\/","url":"https:\/\/asicland.vn\/en\/lien-he\/","name":"asicland","isPartOf":{"@id":"https:\/\/asicland.vn\/en\/#website"},"datePublished":"2019-03-06T08:02:47+00:00","dateModified":"2023-03-03T07:26:51+00:00","breadcrumb":{"@id":"https:\/\/asicland.vn\/en\/lien-he\/#breadcrumb"},"inLanguage":"en-GB","potentialAction":[{"@type":"ReadAction","target":["https:\/\/asicland.vn\/en\/lien-he\/"]}]},{"@type":"BreadcrumbList","@id":"https:\/\/asicland.vn\/en\/lien-he\/#breadcrumb","itemListElement":[{"@type":"ListItem","position":1,"name":"Trang ch\u1ee7","item":"https:\/\/asicland.vn\/en\/"},{"@type":"ListItem","position":2,"name":"Li\u00ean h\u1ec7"}]},{"@type":"WebSite","@id":"https:\/\/asicland.vn\/en\/#website","url":"https:\/\/asicland.vn\/en\/","name":"asicland","description":"","potentialAction":[{"@type":"SearchAction","target":{"@type":"EntryPoint","urlTemplate":"https:\/\/asicland.vn\/en\/?s={search_term_string}"},"query-input":"required name=search_term_string"}],"inLanguage":"en-GB"}]}},"_links":{"self":[{"href":"https:\/\/asicland.vn\/en\/wp-json\/wp\/v2\/pages\/510"}],"collection":[{"href":"https:\/\/asicland.vn\/en\/wp-json\/wp\/v2\/pages"}],"about":[{"href":"https:\/\/asicland.vn\/en\/wp-json\/wp\/v2\/types\/page"}],"author":[{"embeddable":true,"href":"https:\/\/asicland.vn\/en\/wp-json\/wp\/v2\/users\/1"}],"replies":[{"embeddable":true,"href":"https:\/\/asicland.vn\/en\/wp-json\/wp\/v2\/comments?post=510"}],"version-history":[{"count":35,"href":"https:\/\/asicland.vn\/en\/wp-json\/wp\/v2\/pages\/510\/revisions"}],"predecessor-version":[{"id":2878,"href":"https:\/\/asicland.vn\/en\/wp-json\/wp\/v2\/pages\/510\/revisions\/2878"}],"wp:attachment":[{"href":"https:\/\/asicland.vn\/en\/wp-json\/wp\/v2\/media?parent=510"}],"curies":[{"name":"wp","href":"https:\/\/api.w.org\/{rel}","templated":true}]}}