{"id":2247,"date":"2022-08-09T08:16:19","date_gmt":"2022-08-09T08:16:19","guid":{"rendered":"http:\/\/khucongnghiep5-hungyen.com\/?page_id=2247"},"modified":"2022-08-22T08:45:29","modified_gmt":"2022-08-22T08:45:29","slug":"quy-trinh-dau-tu","status":"publish","type":"page","link":"https:\/\/asicland.vn\/en\/quy-trinh-dau-tu\/","title":{"rendered":"Quy Tr\u00ecnh \u0110\u1ea7u T\u01b0"},"content":{"rendered":"<p>&nbsp;<\/p>\n<p><img loading=\"lazy\" class=\"alignnone size-full wp-image-2603\" src=\"http:\/\/khucongnghiep5-hungyen.com\/wp-content\/uploads\/2022\/08\/Group-38237-min.png\" alt=\"\" width=\"1280\" height=\"322\" srcset=\"https:\/\/asicland.vn\/en\/wp-content\/uploads\/2022\/08\/Group-38237-min.png 1280w, https:\/\/asicland.vn\/en\/wp-content\/uploads\/2022\/08\/Group-38237-min-800x201.png 800w, https:\/\/asicland.vn\/en\/wp-content\/uploads\/2022\/08\/Group-38237-min-768x193.png 768w\" sizes=\"(max-width: 1280px) 100vw, 1280px\" \/><\/p>\n<p>&nbsp;<\/p>\n<p><strong><span style=\"font-size: 19px;\">V\u00ec sao kh\u00e1ch h\u00e0ng n\u00ean ch\u1ecdn khu c\u00f4ng nghi\u1ec7p s\u1ed1 5 ?<\/span><\/strong><\/p>\n<ul style=\"list-style-type: circle;\">\n<li>S\u1ea3n ph\u1ea9m \u0111\u1ea1t ti\u00eau chu\u1ea9n ch\u1ea5t l\u01b0\u1ee3ng, to\u1ea1 l\u1ea1c t\u1ea1i v\u1ecb tr\u00ed v\u00e0ng, giao th\u00f4ng thu\u1eadn l\u1ee3i<\/li>\n<li>Lu\u00f4n \u0111\u1eb7t ti\u00eau ch\u00ed an to\u00e0n lao \u0111\u1ed9ng, b\u1ea3o v\u1ec7 m\u00f4i tr\u01b0\u1eddng l\u00ean h\u00e0ng \u0111\u1ea7u<\/li>\n<li>Ch\u1ee7 \u0111\u1ea7u t\u01b0 h\u1ed7 tr\u1ee3 doanh nghi\u1ec7p b\u1eb1ng c\u00e1c d\u1ecbch v\u1ee5 h\u1eefu \u00edch v\u1edbi chi ph\u00ed c\u1ea1nh tranh<\/li>\n<li>H\u1ea1 t\u1ea7ng k\u1ef9 thu\u1eadt, d\u1ecbch v\u1ee5 v\u00e0 x\u00e3 h\u1ed9i \u0111\u1ea7y \u0111\u1ee7, \u0111\u1ed3ng b\u1ed9<\/li>\n<li>H\u1ed7 tr\u1ee3 tuy\u1ec3n d\u1ee5ng nh\u00e2n s\u1ef1, ngu\u1ed3n lao \u0111\u1ed9ng ch\u1ea5t l\u01b0\u1ee3ng, d\u1ed3i d\u00e0o<\/li>\n<\/ul>\n<p><em>\u0110\u1ec3 \u0111\u01b0\u1ee3c t\u01b0 v\u1ea5n v\u00e0 nh\u1eadn th\u00eam th\u00f4ng tin chi ti\u1ebft, m\u1eddi qu\u00fd doanh nghi\u1ec7p vui l\u00f2ng \u0111\u1ec3 l\u1ea1i th\u00f4ng tin d\u01b0\u1edbi \u0111\u00e2y, ch\u00fang t\u00f4i s\u1ebd k\u1ebft n\u1ed1i v\u1edbi qu\u00fd kh\u00e1ch trong th\u1eddi gian s\u1edbm nh\u1ea5t.<\/em><\/p>\n","protected":false},"excerpt":{"rendered":"<p>&nbsp; &nbsp; V\u00ec sao kh\u00e1ch h\u00e0ng n\u00ean ch\u1ecdn khu c\u00f4ng nghi\u1ec7p s\u1ed1 5 ? S\u1ea3n ph\u1ea9m \u0111\u1ea1t ti\u00eau chu\u1ea9n ch\u1ea5t l\u01b0\u1ee3ng, to\u1ea1 l\u1ea1c t\u1ea1i v\u1ecb tr\u00ed v\u00e0ng, giao th\u00f4ng thu\u1eadn l\u1ee3i Lu\u00f4n \u0111\u1eb7t ti\u00eau ch\u00ed an to\u00e0n lao \u0111\u1ed9ng, b\u1ea3o v\u1ec7 m\u00f4i tr\u01b0\u1eddng l\u00ean h\u00e0ng \u0111\u1ea7u Ch\u1ee7 \u0111\u1ea7u t\u01b0 h\u1ed7 tr\u1ee3 doanh nghi\u1ec7p b\u1eb1ng c\u00e1c &#8230;<\/p>\n","protected":false},"author":1,"featured_media":0,"parent":0,"menu_order":23,"comment_status":"closed","ping_status":"closed","template":"","meta":[],"yoast_head":"<!-- This site is optimized with the Yoast SEO plugin v20.2.1 - https:\/\/yoast.com\/wordpress\/plugins\/seo\/ -->\n<title>asicland<\/title>\n<meta name=\"robots\" content=\"index, follow, max-snippet:-1, max-image-preview:large, max-video-preview:-1\" \/>\n<link rel=\"canonical\" href=\"https:\/\/asicland.vn\/en\/quy-trinh-dau-tu\/\" \/>\n<meta property=\"og:locale\" content=\"en_GB\" \/>\n<meta property=\"og:type\" content=\"article\" \/>\n<meta property=\"og:title\" content=\"asicland\" \/>\n<meta property=\"og:description\" content=\"&nbsp; &nbsp; V\u00ec sao kh\u00e1ch h\u00e0ng n\u00ean ch\u1ecdn khu c\u00f4ng nghi\u1ec7p s\u1ed1 5 ? S\u1ea3n ph\u1ea9m \u0111\u1ea1t ti\u00eau chu\u1ea9n ch\u1ea5t l\u01b0\u1ee3ng, to\u1ea1 l\u1ea1c t\u1ea1i v\u1ecb tr\u00ed v\u00e0ng, giao th\u00f4ng thu\u1eadn l\u1ee3i Lu\u00f4n \u0111\u1eb7t ti\u00eau ch\u00ed an to\u00e0n lao \u0111\u1ed9ng, b\u1ea3o v\u1ec7 m\u00f4i tr\u01b0\u1eddng l\u00ean h\u00e0ng \u0111\u1ea7u Ch\u1ee7 \u0111\u1ea7u t\u01b0 h\u1ed7 tr\u1ee3 doanh nghi\u1ec7p b\u1eb1ng c\u00e1c ...\" \/>\n<meta property=\"og:url\" content=\"https:\/\/asicland.vn\/en\/quy-trinh-dau-tu\/\" \/>\n<meta property=\"og:site_name\" content=\"asicland\" \/>\n<meta property=\"article:modified_time\" content=\"2022-08-22T08:45:29+00:00\" \/>\n<meta property=\"og:image\" content=\"http:\/\/khucongnghiep5-hungyen.com\/wp-content\/uploads\/2022\/08\/Group-38237-min.png\" \/>\n<meta name=\"twitter:card\" content=\"summary_large_image\" \/>\n<meta name=\"twitter:label1\" content=\"Estimated reading time\" \/>\n\t<meta name=\"twitter:data1\" content=\"1 minute\" \/>\n<script type=\"application\/ld+json\" class=\"yoast-schema-graph\">{\"@context\":\"https:\/\/schema.org\",\"@graph\":[{\"@type\":\"WebPage\",\"@id\":\"https:\/\/asicland.vn\/en\/quy-trinh-dau-tu\/\",\"url\":\"https:\/\/asicland.vn\/en\/quy-trinh-dau-tu\/\",\"name\":\"asicland\",\"isPartOf\":{\"@id\":\"https:\/\/asicland.vn\/en\/#website\"},\"datePublished\":\"2022-08-09T08:16:19+00:00\",\"dateModified\":\"2022-08-22T08:45:29+00:00\",\"breadcrumb\":{\"@id\":\"https:\/\/asicland.vn\/en\/quy-trinh-dau-tu\/#breadcrumb\"},\"inLanguage\":\"en-GB\",\"potentialAction\":[{\"@type\":\"ReadAction\",\"target\":[\"https:\/\/asicland.vn\/en\/quy-trinh-dau-tu\/\"]}]},{\"@type\":\"BreadcrumbList\",\"@id\":\"https:\/\/asicland.vn\/en\/quy-trinh-dau-tu\/#breadcrumb\",\"itemListElement\":[{\"@type\":\"ListItem\",\"position\":1,\"name\":\"Trang ch\u1ee7\",\"item\":\"https:\/\/asicland.vn\/en\/\"},{\"@type\":\"ListItem\",\"position\":2,\"name\":\"Quy Tr\u00ecnh \u0110\u1ea7u T\u01b0\"}]},{\"@type\":\"WebSite\",\"@id\":\"https:\/\/asicland.vn\/en\/#website\",\"url\":\"https:\/\/asicland.vn\/en\/\",\"name\":\"asicland\",\"description\":\"\",\"potentialAction\":[{\"@type\":\"SearchAction\",\"target\":{\"@type\":\"EntryPoint\",\"urlTemplate\":\"https:\/\/asicland.vn\/en\/?s={search_term_string}\"},\"query-input\":\"required name=search_term_string\"}],\"inLanguage\":\"en-GB\"}]}<\/script>\n<!-- \/ Yoast SEO plugin. -->","yoast_head_json":{"title":"asicland","robots":{"index":"index","follow":"follow","max-snippet":"max-snippet:-1","max-image-preview":"max-image-preview:large","max-video-preview":"max-video-preview:-1"},"canonical":"https:\/\/asicland.vn\/en\/quy-trinh-dau-tu\/","og_locale":"en_GB","og_type":"article","og_title":"asicland","og_description":"&nbsp; &nbsp; V\u00ec sao kh\u00e1ch h\u00e0ng n\u00ean ch\u1ecdn khu c\u00f4ng nghi\u1ec7p s\u1ed1 5 ? S\u1ea3n ph\u1ea9m \u0111\u1ea1t ti\u00eau chu\u1ea9n ch\u1ea5t l\u01b0\u1ee3ng, to\u1ea1 l\u1ea1c t\u1ea1i v\u1ecb tr\u00ed v\u00e0ng, giao th\u00f4ng thu\u1eadn l\u1ee3i Lu\u00f4n \u0111\u1eb7t ti\u00eau ch\u00ed an to\u00e0n lao \u0111\u1ed9ng, b\u1ea3o v\u1ec7 m\u00f4i tr\u01b0\u1eddng l\u00ean h\u00e0ng \u0111\u1ea7u Ch\u1ee7 \u0111\u1ea7u t\u01b0 h\u1ed7 tr\u1ee3 doanh nghi\u1ec7p b\u1eb1ng c\u00e1c ...","og_url":"https:\/\/asicland.vn\/en\/quy-trinh-dau-tu\/","og_site_name":"asicland","article_modified_time":"2022-08-22T08:45:29+00:00","og_image":[{"url":"http:\/\/khucongnghiep5-hungyen.com\/wp-content\/uploads\/2022\/08\/Group-38237-min.png"}],"twitter_card":"summary_large_image","twitter_misc":{"Estimated reading time":"1 minute"},"schema":{"@context":"https:\/\/schema.org","@graph":[{"@type":"WebPage","@id":"https:\/\/asicland.vn\/en\/quy-trinh-dau-tu\/","url":"https:\/\/asicland.vn\/en\/quy-trinh-dau-tu\/","name":"asicland","isPartOf":{"@id":"https:\/\/asicland.vn\/en\/#website"},"datePublished":"2022-08-09T08:16:19+00:00","dateModified":"2022-08-22T08:45:29+00:00","breadcrumb":{"@id":"https:\/\/asicland.vn\/en\/quy-trinh-dau-tu\/#breadcrumb"},"inLanguage":"en-GB","potentialAction":[{"@type":"ReadAction","target":["https:\/\/asicland.vn\/en\/quy-trinh-dau-tu\/"]}]},{"@type":"BreadcrumbList","@id":"https:\/\/asicland.vn\/en\/quy-trinh-dau-tu\/#breadcrumb","itemListElement":[{"@type":"ListItem","position":1,"name":"Trang ch\u1ee7","item":"https:\/\/asicland.vn\/en\/"},{"@type":"ListItem","position":2,"name":"Quy Tr\u00ecnh \u0110\u1ea7u T\u01b0"}]},{"@type":"WebSite","@id":"https:\/\/asicland.vn\/en\/#website","url":"https:\/\/asicland.vn\/en\/","name":"asicland","description":"","potentialAction":[{"@type":"SearchAction","target":{"@type":"EntryPoint","urlTemplate":"https:\/\/asicland.vn\/en\/?s={search_term_string}"},"query-input":"required name=search_term_string"}],"inLanguage":"en-GB"}]}},"_links":{"self":[{"href":"https:\/\/asicland.vn\/en\/wp-json\/wp\/v2\/pages\/2247"}],"collection":[{"href":"https:\/\/asicland.vn\/en\/wp-json\/wp\/v2\/pages"}],"about":[{"href":"https:\/\/asicland.vn\/en\/wp-json\/wp\/v2\/types\/page"}],"author":[{"embeddable":true,"href":"https:\/\/asicland.vn\/en\/wp-json\/wp\/v2\/users\/1"}],"replies":[{"embeddable":true,"href":"https:\/\/asicland.vn\/en\/wp-json\/wp\/v2\/comments?post=2247"}],"version-history":[{"count":8,"href":"https:\/\/asicland.vn\/en\/wp-json\/wp\/v2\/pages\/2247\/revisions"}],"predecessor-version":[{"id":2605,"href":"https:\/\/asicland.vn\/en\/wp-json\/wp\/v2\/pages\/2247\/revisions\/2605"}],"wp:attachment":[{"href":"https:\/\/asicland.vn\/en\/wp-json\/wp\/v2\/media?parent=2247"}],"curies":[{"name":"wp","href":"https:\/\/api.w.org\/{rel}","templated":true}]}}