{"id":510,"date":"2019-03-06T08:02:47","date_gmt":"2019-03-06T08:02:47","guid":{"rendered":"http:\/\/son.webrt.vn\/coresanpham\/?page_id=510"},"modified":"2023-03-14T07:15:02","modified_gmt":"2023-03-14T07:15:02","slug":"%e9%80%a3%e7%b5%a1%e5%85%88","status":"publish","type":"page","link":"https:\/\/asicland.vn\/china\/%e9%80%a3%e7%b5%a1%e5%85%88\/","title":{"rendered":"\u9023\u7d61\u5148"},"content":{"rendered":"\t<section class=\"section section_contact\" id=\"section_1238346805\">\n\t\t<div class=\"bg section-bg fill bg-fill  bg-loaded\" >\n\n\t\t\t\n\t\t\t\n\t\t\t\n\n\t\t<\/div>\n\n\t\t\n\n\t\t<div class=\"section-content relative\">\n\t\t\t\n<div class=\"row\"  id=\"row-73325070\">\n\n\t<div id=\"col-1027207337\" class=\"col small-12 large-12\"  >\n\t\t\t\t<div class=\"col-inner\"  >\n\t\t\t\n\t\t\t\n<div class=\"container section-title-container\" ><h1 class=\"section-title section-title-normal\"><b><\/b><span class=\"section-title-main\" >\u63a5\u89e6<\/span><b><\/b><\/h1><\/div>\n\n\t\t<div class=\"tabbed-content\">\n\t\t\t\n\t\t\t<ul class=\"nav nav-outline nav-uppercase nav-size-normal nav-left\" role=\"tablist\"><li id=\"tab-\u6cb3\u5185\u529e\u4e8b\u5904\" class=\"tab active has-icon\" role=\"presentation\"><a href=\"#tab_\u6cb3\u5185\u529e\u4e8b\u5904\" role=\"tab\" aria-selected=\"true\" aria-controls=\"tab_\u6cb3\u5185\u529e\u4e8b\u5904\"><span>\u6cb3\u5185\u529e\u4e8b\u5904<\/span><\/a><\/li>\n<li id=\"tab-\u6cb3\u5185\u529e\u4e8b\u5904\" class=\"tab has-icon\" role=\"presentation\"><a href=\"#tab_\u6cb3\u5185\u529e\u4e8b\u5904\" tabindex=\"-1\" role=\"tab\" aria-selected=\"false\" aria-controls=\"tab_\u6cb3\u5185\u529e\u4e8b\u5904\"><span>\u6cb3\u5185\u529e\u4e8b\u5904<\/span><\/a><\/li>\n<li id=\"tab-\u6cb3\u5185\u529e\u4e8b\u5904\" class=\"tab has-icon\" role=\"presentation\"><a href=\"#tab_\u6cb3\u5185\u529e\u4e8b\u5904\" tabindex=\"-1\" role=\"tab\" aria-selected=\"false\" aria-controls=\"tab_\u6cb3\u5185\u529e\u4e8b\u5904\"><span>\u6cb3\u5185\u529e\u4e8b\u5904<\/span><\/a><\/li><\/ul><div class=\"tab-panels\"><div id=\"tab_\u6cb3\u5185\u529e\u4e8b\u5904\" class=\"panel active entry-content\" role=\"tabpanel\" aria-labelledby=\"tab-\u6cb3\u5185\u529e\u4e8b\u5904\">\n<div class=\"row\"  id=\"row-1576767257\">\n\n\t<div id=\"col-1753549839\" class=\"col medium-6 small-12 large-6\"  >\n\t\t\t\t<div class=\"col-inner\"  >\n\t\t\t\n\t\t\t\n<p><iframe loading=\"lazy\" style=\"border: 0;\" src=\"https:\/\/www.google.com\/maps\/embed?pb=!1m16!1m12!1m3!1d7435.47855487637!2d106.19204252673046!3d21.281785590666786!2m3!1f0!2f0!3f0!3m2!1i1024!2i768!4f13.1!2m1!1zU-G7kSA5IMSRxrDhu51uZyBYxrDGoW5nIEdpYW5nIDIsIFBOZ8O0IFF1eeG7gW4sIFRQQuG6r2MgR2lhbmcsIELhuq9jIEdpYW5n!5e0!3m2!1svi!2s!4v1677828308010!5m2!1svi!2s\" width=\"100%\" height=\"350\" allowfullscreen=\"allowfullscreen\"><\/iframe><\/p>\n\t\t<\/div>\n\t\t\t\t\t<\/div>\n\n\t\n\n\t<div id=\"col-614772085\" class=\"col medium-6 small-12 large-6\"  >\n\t\t\t\t<div class=\"col-inner\"  >\n\t\t\t\n\t\t\t\n<h2>ASIC \u6295\u8cc7\u682a\u5f0f\u4f1a\u793e<\/h2>\n<p>ASIC INVEST., JSC<\/p>\n<p>\u672c\u793e\uff1aViet Nam\u3001Bac Giang \u770c\u3001Bac Giang \u5e02\u3001Ngo Quyen\u8857\u533a\u3001Xuong Giang 2 \u901a\u308a\u30019\u756a<\/p>\n<p>\u5f15\u53d6\u5148: Viet Nam\u3001Ha Noi \u5e02\u3001Nam Tu Liem \u533a\u3001Tay Mo \u8857\u533a, Dreamtown \u4f4f\u5b85\u533a BT07<\/p>\n<p>Tel: +84.949.207.237 (Hoang\u6c0f) \/ +84.933.487.666 (Huy\u6c0f)<\/p>\n<p>\u30e1\u30fc\u30eb: <a href=\"mailto:asicland@gmail.com\">asicland@gmail.com<\/a><\/p>\n<p>\u30a6\u30a7\u30d6\u30b5\u30a4\u30c8: <span style=\"color: #000000;\">www.asicland.vn<\/span><\/p>\n\t\t<\/div>\n\t\t\t\t\t<\/div>\n\n\t\n<\/div>\n<\/div>\n<div id=\"tab_\u6cb3\u5185\u529e\u4e8b\u5904\" class=\"panel entry-content\" role=\"tabpanel\" aria-labelledby=\"tab-\u6cb3\u5185\u529e\u4e8b\u5904\">\n<div class=\"row\"  id=\"row-1787982757\">\n\n\t<div id=\"col-1044147632\" class=\"col medium-6 small-12 large-6\"  >\n\t\t\t\t<div class=\"col-inner\"  >\n\t\t\t\n\t\t\t\n<p><iframe loading=\"lazy\" style=\"border: 0;\" src=\"https:\/\/www.google.com\/maps\/embed?pb=!1m16!1m12!1m3!1d7435.47855487637!2d106.19204252673046!3d21.281785590666786!2m3!1f0!2f0!3f0!3m2!1i1024!2i768!4f13.1!2m1!1zU-G7kSA5IMSRxrDhu51uZyBYxrDGoW5nIEdpYW5nIDIsIFBOZ8O0IFF1eeG7gW4sIFRQQuG6r2MgR2lhbmcsIELhuq9jIEdpYW5n!5e0!3m2!1svi!2s!4v1677828308010!5m2!1svi!2s\" width=\"100%\" height=\"350\" allowfullscreen=\"allowfullscreen\"><\/iframe><\/p>\n\t\t<\/div>\n\t\t\t\t\t<\/div>\n\n\t\n\n\t<div id=\"col-512557709\" class=\"col medium-6 small-12 large-6\"  >\n\t\t\t\t<div class=\"col-inner\"  >\n\t\t\t\n\t\t\t\n<h2>\u6cb3\u5185\u529e\u4e8b\u5904<\/h2>\n<p>ASIC INVEST., JSC<\/p>\n<p>\u672c\u793e\uff1aViet Nam\u3001Bac Giang \u770c\u3001Bac Giang \u5e02\u3001Ngo Quyen\u8857\u533a\u3001Xuong Giang 2 \u901a\u308a\u30019\u756a<\/p>\n<p>\u5f15\u53d6\u5148: Viet Nam\u3001Ha Noi \u5e02\u3001Nam Tu Liem \u533a\u3001Tay Mo \u8857\u533a, Dreamtown \u4f4f\u5b85\u533a BT07<\/p>\n<p>Tel: +84.949.207.237 (Hoang\u6c0f) \/ +84.933.487.666 (Huy\u6c0f)<\/p>\n<p>\u30e1\u30fc\u30eb: <a href=\"mailto:asicland@gmail.com\">asicland@gmail.com<\/a><\/p>\n<p>\u30a6\u30a7\u30d6\u30b5\u30a4\u30c8: www.asicland.vn<\/p>\n\t\t<\/div>\n\t\t\t\t\t<\/div>\n\n\t\n<\/div>\n<\/div>\n<div id=\"tab_\u6cb3\u5185\u529e\u4e8b\u5904\" class=\"panel entry-content\" role=\"tabpanel\" aria-labelledby=\"tab-\u6cb3\u5185\u529e\u4e8b\u5904\">\n<div class=\"row\"  id=\"row-1487413375\">\n\n\t<div id=\"col-1590928904\" class=\"col medium-6 small-12 large-6\"  >\n\t\t\t\t<div class=\"col-inner\"  >\n\t\t\t\n\t\t\t\n<p><iframe loading=\"lazy\" style=\"border: 0;\" src=\"https:\/\/www.google.com\/maps\/embed?pb=!1m16!1m12!1m3!1d7435.47855487637!2d106.19204252673046!3d21.281785590666786!2m3!1f0!2f0!3f0!3m2!1i1024!2i768!4f13.1!2m1!1zU-G7kSA5IMSRxrDhu51uZyBYxrDGoW5nIEdpYW5nIDIsIFBOZ8O0IFF1eeG7gW4sIFRQQuG6r2MgR2lhbmcsIELhuq9jIEdpYW5n!5e0!3m2!1svi!2s!4v1677828308010!5m2!1svi!2s\" width=\"100%\" height=\"350\" allowfullscreen=\"allowfullscreen\"><\/iframe><\/p>\n\t\t<\/div>\n\t\t\t\t\t<\/div>\n\n\t\n\n\t<div id=\"col-1704799368\" class=\"col medium-6 small-12 large-6\"  >\n\t\t\t\t<div class=\"col-inner\"  >\n\t\t\t\n\t\t\t\n<h2>\u6cb3\u5185\u529e\u4e8b\u5904<\/h2>\n<p>ASIC INVEST., JSC<\/p>\n<p>\u672c\u793e\uff1aViet Nam\u3001Bac Giang \u770c\u3001Bac Giang \u5e02\u3001Ngo Quyen\u8857\u533a\u3001Xuong Giang 2 \u901a\u308a\u30019\u756a<\/p>\n<p>\u5f15\u53d6\u5148: Viet Nam\u3001Ha Noi \u5e02\u3001Nam Tu Liem \u533a\u3001Tay Mo \u8857\u533a, Dreamtown \u4f4f\u5b85\u533a BT07<\/p>\n<p>Tel: +84.949.207.237 (Hoang\u6c0f) \/ +84.933.487.666 (Huy\u6c0f)<\/p>\n<p>\u30e1\u30fc\u30eb: <a href=\"mailto:asicland@gmail.com\">asicland@gmail.com<\/a><\/p>\n<p>\u30a6\u30a7\u30d6\u30b5\u30a4\u30c8: www.asicland.vn<\/p>\n\t\t<\/div>\n\t\t\t\t\t<\/div>\n\n\t\n<\/div>\n<\/div><\/div><\/div>\n\t\t<\/div>\n\t\t\t\t\t<\/div>\n\n\t\n<\/div>\n<div class=\"row\"  id=\"row-981062868\">\n\n\t<div id=\"col-1731415303\" class=\"col medium-3 small-12 large-3\"  >\n\t\t\t\t<div class=\"col-inner\"  >\n\t\t\t\n\t\t\t\n\t\t<\/div>\n\t\t\t\t\t<\/div>\n\n\t\n\n\t<div id=\"col-886658896\" class=\"col medium-6 small-12 large-6\"  >\n\t\t\t\t<div class=\"col-inner text-center\"  >\n\t\t\t\n\t\t\t\n \n    <div class=\"block__element_head\">\n    <h2 class=\"heading\"><span>\u53cd\u9988<\/span><\/h2>\n    <p class=\"text_head\"><\/p>\n   \n    <\/div>\n\n\n<div class=\"wpcf7 no-js\" id=\"wpcf7-f2659-o1\" lang=\"vi\" dir=\"ltr\">\n<div class=\"screen-reader-response\"><p role=\"status\" aria-live=\"polite\" aria-atomic=\"true\"><\/p> <ul><\/ul><\/div>\n<form action=\"\/china\/wp-json\/wp\/v2\/pages\/510#wpcf7-f2659-o1\" method=\"post\" class=\"wpcf7-form init\" aria-label=\"Form li\u00ean h\u1ec7\" novalidate=\"novalidate\" data-status=\"init\">\n<div style=\"display: none;\">\n<input type=\"hidden\" name=\"_wpcf7\" value=\"2659\" \/>\n<input type=\"hidden\" name=\"_wpcf7_version\" value=\"5.7.4\" \/>\n<input type=\"hidden\" name=\"_wpcf7_locale\" value=\"vi\" \/>\n<input type=\"hidden\" name=\"_wpcf7_unit_tag\" value=\"wpcf7-f2659-o1\" \/>\n<input type=\"hidden\" name=\"_wpcf7_container_post\" value=\"0\" \/>\n<input type=\"hidden\" name=\"_wpcf7_posted_data_hash\" value=\"\" \/>\n<\/div>\n<p><label> \u987e\u5ba2\u59d3\u540d *<br \/>\n<span class=\"wpcf7-form-control-wrap\" data-name=\"text-241\"><input size=\"40\" class=\"wpcf7-form-control wpcf7-text wpcf7-validates-as-required\" aria-required=\"true\" aria-invalid=\"false\" placeholder=\"\" value=\"\" type=\"text\" name=\"text-241\" \/><\/span> <\/label>\n<\/p>\n<p><label> \u7535\u8bdd\u53f7\u7801 *<br \/>\n<span class=\"wpcf7-form-control-wrap\" data-name=\"tel-987\"><input size=\"40\" class=\"wpcf7-form-control wpcf7-text wpcf7-tel wpcf7-validates-as-required wpcf7-validates-as-tel\" aria-required=\"true\" aria-invalid=\"false\" placeholder=\"\" value=\"\" type=\"tel\" name=\"tel-987\" \/><\/span> <\/label>\n<\/p>\n<p><label> \u7535\u5b50\u90ae\u4ef6<br \/>\n<span class=\"wpcf7-form-control-wrap\" data-name=\"email-352\"><input size=\"40\" class=\"wpcf7-form-control wpcf7-text wpcf7-email wpcf7-validates-as-email\" aria-invalid=\"false\" placeholder=\"\" value=\"\" type=\"email\" name=\"email-352\" \/><\/span> <\/label>\n<\/p>\n<p><label> \u7701\/\u5e02 *<br \/>\n<span class=\"wpcf7-form-control-wrap\" data-name=\"menu-916\"><select class=\"wpcf7-form-control wpcf7-select wpcf7-validates-as-required\" aria-required=\"true\" aria-invalid=\"false\" name=\"menu-916\"><option value=\"\u8bf7\u9009\u62e9\">\u8bf7\u9009\u62e9<\/option><option value=\"An Giang\">An Giang<\/option><option value=\"B\u00e0 r\u1ecba \u2013 V\u0169ng t\u00e0u\">B\u00e0 r\u1ecba \u2013 V\u0169ng t\u00e0u<\/option><option value=\"B\u1eafc Giang\">B\u1eafc Giang<\/option><option value=\"B\u1eafc K\u1ea1n\">B\u1eafc K\u1ea1n<\/option><option value=\"B\u1ea1c Li\u00eau\">B\u1ea1c Li\u00eau<\/option><option value=\"B\u1eafc Ninh\">B\u1eafc Ninh<\/option><option value=\"B\u1ebfn Tre\">B\u1ebfn Tre<\/option><option value=\"B\u00ecnh \u0110\u1ecbnh\">B\u00ecnh \u0110\u1ecbnh<\/option><option value=\"B\u00ecnh D\u01b0\u01a1ng\">B\u00ecnh D\u01b0\u01a1ng<\/option><option value=\"B\u00ecnh Ph\u01b0\u1edbc\">B\u00ecnh Ph\u01b0\u1edbc<\/option><option value=\"B\u00ecnh Thu\u1eadn\">B\u00ecnh Thu\u1eadn<\/option><option value=\"C\u00e0 Mau\">C\u00e0 Mau<\/option><option value=\"C\u1ea7n Th\u01a1\">C\u1ea7n Th\u01a1<\/option><option value=\"Cao B\u1eb1ng\">Cao B\u1eb1ng<\/option><option value=\"\u0110\u00e0 N\u1eb5ng\">\u0110\u00e0 N\u1eb5ng<\/option><option value=\"\u0110\u1eafk L\u1eafk\">\u0110\u1eafk L\u1eafk<\/option><option value=\"\u0110\u1eafk N\u00f4ng\">\u0110\u1eafk N\u00f4ng<\/option><option value=\"\u0110i\u1ec7n Bi\u00ean\">\u0110i\u1ec7n Bi\u00ean<\/option><option value=\"\u0110\u1ed3ng Nai\">\u0110\u1ed3ng Nai<\/option><option value=\"\u0110\u1ed3ng Th\u00e1p\">\u0110\u1ed3ng Th\u00e1p<\/option><option value=\"Gia Lai\">Gia Lai<\/option><option value=\"H\u00e0 Giang\">H\u00e0 Giang<\/option><option value=\"H\u00e0 Nam\">H\u00e0 Nam<\/option><option value=\"H\u00e0 N\u1ed9i\">H\u00e0 N\u1ed9i<\/option><option value=\"H\u00e0 T\u0129nh\">H\u00e0 T\u0129nh<\/option><option value=\"H\u1ea3i D\u01b0\u01a1ng\">H\u1ea3i D\u01b0\u01a1ng<\/option><option value=\"H\u1ea3i Ph\u00f2ng\">H\u1ea3i Ph\u00f2ng<\/option><option value=\"H\u1eadu Giang\">H\u1eadu Giang<\/option><option value=\"H\u00f2a B\u00ecnh\">H\u00f2a B\u00ecnh<\/option><option value=\"H\u01b0ng Y\u00ean\">H\u01b0ng Y\u00ean<\/option><option value=\"Kh\u00e1nh H\u00f2a\">Kh\u00e1nh H\u00f2a<\/option><option value=\"Ki\u00ean Giang\">Ki\u00ean Giang<\/option><option value=\"Kon Tum\">Kon Tum<\/option><option value=\"Lai Ch\u00e2u\">Lai Ch\u00e2u<\/option><option value=\"L\u00e2m \u0110\u1ed3ng\">L\u00e2m \u0110\u1ed3ng<\/option><option value=\"L\u1ea1ng S\u01a1n\">L\u1ea1ng S\u01a1n<\/option><option value=\"L\u00e0o Cai\">L\u00e0o Cai<\/option><option value=\"Long An\">Long An<\/option><option value=\"Nam \u0110\u1ecbnh\">Nam \u0110\u1ecbnh<\/option><option value=\"Ngh\u1ec7 An\">Ngh\u1ec7 An<\/option><option value=\"Ninh B\u00ecnh\">Ninh B\u00ecnh<\/option><option value=\"Ninh Thu\u1eadn\">Ninh Thu\u1eadn<\/option><option value=\"Ph\u00fa Th\u1ecd\">Ph\u00fa Th\u1ecd<\/option><option value=\"Ph\u00fa Y\u00ean\">Ph\u00fa Y\u00ean<\/option><option value=\"Qu\u1ea3ng B\u00ecnh\">Qu\u1ea3ng B\u00ecnh<\/option><option value=\"Qu\u1ea3ng Nam\">Qu\u1ea3ng Nam<\/option><option value=\"Qu\u1ea3ng Ng\u00e3i\">Qu\u1ea3ng Ng\u00e3i<\/option><option value=\"Qu\u1ea3ng Ninh\">Qu\u1ea3ng Ninh<\/option><option value=\"Qu\u1ea3ng Tr\u1ecb\">Qu\u1ea3ng Tr\u1ecb<\/option><option value=\"S\u00f3c Tr\u0103ng\">S\u00f3c Tr\u0103ng<\/option><option value=\"S\u01a1n La\">S\u01a1n La<\/option><option value=\"T\u00e2y Ninh\">T\u00e2y Ninh<\/option><option value=\"Th\u00e1i B\u00ecnh\">Th\u00e1i B\u00ecnh<\/option><option value=\"Th\u00e1i Nguy\u00ean\">Th\u00e1i Nguy\u00ean<\/option><option value=\"Thanh H\u00f3a\">Thanh H\u00f3a<\/option><option value=\"Th\u1eeba Thi\u00ean Hu\u1ebf\">Th\u1eeba Thi\u00ean Hu\u1ebf<\/option><option value=\"Ti\u1ec1n Giang\">Ti\u1ec1n Giang<\/option><option value=\"Th\u00e0nh ph\u1ed1 H\u1ed3 Ch\u00ed Minh\">Th\u00e0nh ph\u1ed1 H\u1ed3 Ch\u00ed Minh<\/option><option value=\"Tr\u00e0 Vinh\">Tr\u00e0 Vinh<\/option><option value=\"Tuy\u00ean Quang\">Tuy\u00ean Quang<\/option><option value=\"V\u0129nh Long\">V\u0129nh Long<\/option><option value=\"V\u0129nh Ph\u00fac\">V\u0129nh Ph\u00fac<\/option><option value=\"Y\u00ean B\u00e1i\">Y\u00ean B\u00e1i<\/option><\/select><\/span><\/label><br \/>\n<div id=\"cf7sr-69e75e7a2e0f0\" class=\"cf7sr-g-recaptcha\" data-sitekey=\"6LffyfkhAAAAAKnyJjbEbaGMyU5Wu0fDedOGuInv\"><\/div><span class=\"wpcf7-form-control-wrap cf7sr-recaptcha\" data-name=\"cf7sr-recaptcha\"><input type=\"hidden\" name=\"cf7sr-recaptcha\" value=\"\" class=\"wpcf7-form-control\"><\/span>\n<\/p>\n<div>\n\t<p><input class=\"wpcf7-form-control has-spinner wpcf7-submit\" type=\"submit\" value=\"\u0110\u0103ng k\u00fd\" \/>\n\t<\/p>\n<\/div><div class=\"wpcf7-response-output\" aria-hidden=\"true\"><\/div>\n<\/form>\n<\/div>\n\n\t\t<\/div>\n\t\t\t\t\t<\/div>\n\n\t\n\n\t<div id=\"col-1682470157\" class=\"col medium-3 small-12 large-3\"  >\n\t\t\t\t<div class=\"col-inner\"  >\n\t\t\t\n\t\t\t\n\t\t<\/div>\n\t\t\t\t\t<\/div>\n\n\t\n<\/div>\n\t\t<\/div>\n\n\t\t\n<style>\n#section_1238346805 {\n  padding-top: 30px;\n  padding-bottom: 30px;\n}\n#section_1238346805 .ux-shape-divider--top svg {\n  height: 150px;\n  --divider-top-width: 100%;\n}\n#section_1238346805 .ux-shape-divider--bottom svg {\n  height: 150px;\n  --divider-width: 100%;\n}\n<\/style>\n\t<\/section>\n\t\n","protected":false},"excerpt":{"rendered":"","protected":false},"author":1,"featured_media":0,"parent":0,"menu_order":17,"comment_status":"closed","ping_status":"closed","template":"page-blank.php","meta":[],"yoast_head":"<!-- This site is optimized with the Yoast SEO plugin v20.2.1 - https:\/\/yoast.com\/wordpress\/plugins\/seo\/ -->\n<title>asicland<\/title>\n<meta name=\"robots\" content=\"index, follow, max-snippet:-1, max-image-preview:large, max-video-preview:-1\" \/>\n<link rel=\"canonical\" href=\"https:\/\/asicland.vn\/china\/\u9023\u7d61\u5148\/\" \/>\n<meta property=\"og:locale\" content=\"vi_VN\" \/>\n<meta property=\"og:type\" content=\"article\" \/>\n<meta property=\"og:title\" content=\"asicland\" \/>\n<meta property=\"og:url\" content=\"https:\/\/asicland.vn\/china\/\u9023\u7d61\u5148\/\" \/>\n<meta property=\"og:site_name\" content=\"asicland\" \/>\n<meta property=\"article:modified_time\" content=\"2023-03-14T07:15:02+00:00\" \/>\n<meta name=\"twitter:card\" content=\"summary_large_image\" \/>\n<meta name=\"twitter:label1\" content=\"\u01af\u1edbc t\u00ednh th\u1eddi gian \u0111\u1ecdc\" \/>\n\t<meta name=\"twitter:data1\" content=\"2 ph\u00fat\" \/>\n<script type=\"application\/ld+json\" class=\"yoast-schema-graph\">{\"@context\":\"https:\/\/schema.org\",\"@graph\":[{\"@type\":\"WebPage\",\"@id\":\"https:\/\/asicland.vn\/china\/%e9%80%a3%e7%b5%a1%e5%85%88\/\",\"url\":\"https:\/\/asicland.vn\/china\/%e9%80%a3%e7%b5%a1%e5%85%88\/\",\"name\":\"asicland\",\"isPartOf\":{\"@id\":\"https:\/\/asicland.vn\/china\/#website\"},\"datePublished\":\"2019-03-06T08:02:47+00:00\",\"dateModified\":\"2023-03-14T07:15:02+00:00\",\"breadcrumb\":{\"@id\":\"https:\/\/asicland.vn\/china\/%e9%80%a3%e7%b5%a1%e5%85%88\/#breadcrumb\"},\"inLanguage\":\"vi\",\"potentialAction\":[{\"@type\":\"ReadAction\",\"target\":[\"https:\/\/asicland.vn\/china\/%e9%80%a3%e7%b5%a1%e5%85%88\/\"]}]},{\"@type\":\"BreadcrumbList\",\"@id\":\"https:\/\/asicland.vn\/china\/%e9%80%a3%e7%b5%a1%e5%85%88\/#breadcrumb\",\"itemListElement\":[{\"@type\":\"ListItem\",\"position\":1,\"name\":\"Trang ch\u1ee7\",\"item\":\"https:\/\/asicland.vn\/china\/\"},{\"@type\":\"ListItem\",\"position\":2,\"name\":\"\u9023\u7d61\u5148\"}]},{\"@type\":\"WebSite\",\"@id\":\"https:\/\/asicland.vn\/china\/#website\",\"url\":\"https:\/\/asicland.vn\/china\/\",\"name\":\"asicland\",\"description\":\"\",\"potentialAction\":[{\"@type\":\"SearchAction\",\"target\":{\"@type\":\"EntryPoint\",\"urlTemplate\":\"https:\/\/asicland.vn\/china\/?s={search_term_string}\"},\"query-input\":\"required name=search_term_string\"}],\"inLanguage\":\"vi\"}]}<\/script>\n<!-- \/ Yoast SEO plugin. -->","yoast_head_json":{"title":"asicland","robots":{"index":"index","follow":"follow","max-snippet":"max-snippet:-1","max-image-preview":"max-image-preview:large","max-video-preview":"max-video-preview:-1"},"canonical":"https:\/\/asicland.vn\/china\/\u9023\u7d61\u5148\/","og_locale":"vi_VN","og_type":"article","og_title":"asicland","og_url":"https:\/\/asicland.vn\/china\/\u9023\u7d61\u5148\/","og_site_name":"asicland","article_modified_time":"2023-03-14T07:15:02+00:00","twitter_card":"summary_large_image","twitter_misc":{"\u01af\u1edbc t\u00ednh th\u1eddi gian \u0111\u1ecdc":"2 ph\u00fat"},"schema":{"@context":"https:\/\/schema.org","@graph":[{"@type":"WebPage","@id":"https:\/\/asicland.vn\/china\/%e9%80%a3%e7%b5%a1%e5%85%88\/","url":"https:\/\/asicland.vn\/china\/%e9%80%a3%e7%b5%a1%e5%85%88\/","name":"asicland","isPartOf":{"@id":"https:\/\/asicland.vn\/china\/#website"},"datePublished":"2019-03-06T08:02:47+00:00","dateModified":"2023-03-14T07:15:02+00:00","breadcrumb":{"@id":"https:\/\/asicland.vn\/china\/%e9%80%a3%e7%b5%a1%e5%85%88\/#breadcrumb"},"inLanguage":"vi","potentialAction":[{"@type":"ReadAction","target":["https:\/\/asicland.vn\/china\/%e9%80%a3%e7%b5%a1%e5%85%88\/"]}]},{"@type":"BreadcrumbList","@id":"https:\/\/asicland.vn\/china\/%e9%80%a3%e7%b5%a1%e5%85%88\/#breadcrumb","itemListElement":[{"@type":"ListItem","position":1,"name":"Trang ch\u1ee7","item":"https:\/\/asicland.vn\/china\/"},{"@type":"ListItem","position":2,"name":"\u9023\u7d61\u5148"}]},{"@type":"WebSite","@id":"https:\/\/asicland.vn\/china\/#website","url":"https:\/\/asicland.vn\/china\/","name":"asicland","description":"","potentialAction":[{"@type":"SearchAction","target":{"@type":"EntryPoint","urlTemplate":"https:\/\/asicland.vn\/china\/?s={search_term_string}"},"query-input":"required name=search_term_string"}],"inLanguage":"vi"}]}},"_links":{"self":[{"href":"https:\/\/asicland.vn\/china\/wp-json\/wp\/v2\/pages\/510"}],"collection":[{"href":"https:\/\/asicland.vn\/china\/wp-json\/wp\/v2\/pages"}],"about":[{"href":"https:\/\/asicland.vn\/china\/wp-json\/wp\/v2\/types\/page"}],"author":[{"embeddable":true,"href":"https:\/\/asicland.vn\/china\/wp-json\/wp\/v2\/users\/1"}],"replies":[{"embeddable":true,"href":"https:\/\/asicland.vn\/china\/wp-json\/wp\/v2\/comments?post=510"}],"version-history":[{"count":40,"href":"https:\/\/asicland.vn\/china\/wp-json\/wp\/v2\/pages\/510\/revisions"}],"predecessor-version":[{"id":2936,"href":"https:\/\/asicland.vn\/china\/wp-json\/wp\/v2\/pages\/510\/revisions\/2936"}],"wp:attachment":[{"href":"https:\/\/asicland.vn\/china\/wp-json\/wp\/v2\/media?parent=510"}],"curies":[{"name":"wp","href":"https:\/\/api.w.org\/{rel}","templated":true}]}}