{"id":2298,"date":"2022-08-11T03:52:51","date_gmt":"2022-08-11T03:52:51","guid":{"rendered":"http:\/\/khucongnghiep5-hungyen.com\/?page_id=2298"},"modified":"2022-08-24T06:49:37","modified_gmt":"2022-08-24T06:49:37","slug":"moi-truong-dau-tu-tai-hung-yen","status":"publish","type":"page","link":"https:\/\/asicland.vn\/china\/moi-truong-dau-tu-tai-hung-yen\/","title":{"rendered":"M\u00f4i tr\u01b0\u1eddng \u0111\u1ea7u t\u01b0 t\u1ea1i H\u01b0ng Y\u00ean"},"content":{"rendered":"<div style=\"text-align: center;\">\n<p style=\"text-align: justify;\">H\u01b0ng Y\u00ean n\u1eb1m \u1edf trung t\u00e2m \u0111\u1ed3ng b\u1eb1ng s\u00f4ng H\u1ed3ng, s\u00e1t Th\u1ee7 \u0111\u00f4 H\u00e0 N\u1ed9i, ngu\u1ed3n l\u1ef1c d\u1ed3i d\u00e0o, giao th\u00f4ng thu\u1eadn l\u1ee3i trong k\u1ebf ho\u1ea1ch ph\u00e1t tri\u1ec3n kinh t\u1ebf &#8211; x\u00e3 h\u1ed9i, H\u01b0ng Y\u00ean \u0111\u1eb7c bi\u1ec7t ch\u00fa tr\u1ecdng thu h\u00fat \u0111\u1ea7u t\u01b0 trong v\u00e0 ngo\u00e0i n\u01b0\u1edbc v\u00e0o ph\u00e1t tri\u1ec3n c\u00f4ng nghi\u1ec7p v\u00e0 d\u1ecbch v\u1ee5, xem \u0111\u00e2y l\u00e0 \u0111i\u1ec3m nh\u1ea5n c\u1ee7a t\u1ec9nh.<\/p>\n<table style=\"width: 100%; height: 156px;\">\n<tbody>\n<tr style=\"height: 107px;\">\n<td style=\"width: 24.9246%; height: 78px;\">\n<h2><strong>S\u1ed1 li\u1ec7u v\u1ec1 m\u00f4i tr\u01b0\u1eddng<br \/>\u0111\u1ea7u t\u01b0\u00a0<\/strong><strong>c\u1ee7a H\u01b0ng Y\u00ean<\/strong><\/h2>\n<\/td>\n<td style=\"width: 51.2563%; height: 78px;\">\n<h2 style=\"padding-left: 40px;\"><strong>M\u00f4i tr\u01b0\u1eddng \u0111\u1ea7u t\u01b0<\/strong><\/h2>\n<\/td>\n<td style=\"width: 23.0151%; height: 78px;\">\n<h2 style=\"padding-left: 40px;\"><strong>Ngu\u1ed3n nh\u00e2n l\u1ef1c<\/strong><\/h2>\n<\/td>\n<\/tr>\n<tr style=\"height: 276px;\">\n<td style=\"width: 24.9246%; height: 78px;\">\n<p style=\"text-align: justify;\"><span style=\"font-size: 16px;\">T\u1ed5ng d\u1ef1 \u00e1n FDI: 247 d\u1ef1 \u00e1n<\/span><\/p>\n<p style=\"text-align: justify;\"><span style=\"font-size: 16px;\">T\u1ed5ng v\u1ed1n \u0111\u1ea7u t\u01b0 \u0111\u0103ng k\u00fd: 3.526,3 tri\u1ec7u USA.<\/span><\/p>\n<p style=\"text-align: justify;\"><span style=\"font-size: 16px;\">L\u0129nh v\u1ef1c \u0111\u1ea7u t\u01b0 ch\u1ee7 y\u1ebfu: Ng\u00e0nh d\u1ec7t may; c\u01a1 kh\u00ed \u0111i\u1ec7n t\u1eed ; ch\u1ebf bi\u1ebfn l\u01b0\u01a1ng th\u1ef1c-th\u1ef1c ph\u1ea9m ; s\u1ea3n xu\u1ea5t v\u1eadt li\u1ec7u x\u00e2y d\u1ef1ng&#8230;\u00a0<\/span><\/p>\n<\/td>\n<td style=\"width: 51.2563%; height: 78px;\">\n<p style=\"text-align: justify; padding-left: 40px;\"><span style=\"font-size: 16px;\">H\u01b0ng Y\u00ean \u0111\u00e3 \u0111\u1ea9y m\u1ea1nh \u0111\u1ea7u t\u01b0 c\u01a1 s\u1edf h\u1ea1 t\u1ea7ng k\u1ef9 thu\u1eadt, nh\u1ea5t l\u00e0 giao th\u00f4ng, c\u1ea3i c\u00e1ch h\u00e0nh ch\u00ednh tr\u00ean nhi\u1ec1u ph\u01b0\u01a1ng di\u1ec7n, c\u1ea3i thi\u1ec7n m\u00f4i tr\u01b0\u1eddng \u0111\u1ea7u t\u01b0, kinh doanh\u2026\u00a0<\/span><\/p>\n<p style=\"text-align: justify; padding-left: 40px;\"><span style=\"font-size: 16px;\">\u0110\u1ea1i h\u1ed9i \u0110\u1ea3ng b\u1ed9 t\u1ec9nh H\u01b0ng Y\u00ean l\u1ea7n th\u1ee9 XVIII, nhi\u1ec7m k\u1ef3 2015-2020, x\u00e1c \u0111\u1ecbnh: \u0111\u1ea7u t\u01b0 x\u00e2y d\u1ef1ng c\u01a1 s\u1edf h\u1ea1 t\u1ea7ng k\u1ef9 thu\u1eadt, nh\u1ea5t l\u00e0 giao th\u00f4ng \u0111\u1ec3 k\u1ebft n\u1ed1i m\u1ea1ng l\u01b0\u1edbi giao th\u00f4ng c\u1ee7a t\u1ec9nh v\u1edbi h\u1ec7 th\u1ed1ng giao th\u00f4ng qu\u1ed1c gia v\u00e0 thu h\u00fat \u0111\u1ea7u t\u01b0 l\u00e0 hai kh\u00e2u \u0111\u1ed9t ph\u00e1t ph\u00e1t tri\u1ec3n kinh t\u1ebf. <\/span><\/p>\n<\/td>\n<td style=\"width: 23.0151%; height: 78px;\">\n<p style=\"text-align: justify; padding-left: 40px;\"><span style=\"font-size: 16px;\">S\u1ed1 ng\u01b0\u1eddi trong \u0111\u1ed9 tu\u1ed5i lao \u0111\u1ed9ng\u00a0 kho\u1ea3ng 800 ngh\u00ecn ng\u01b0\u1eddi, chi\u1ebfm 57% d\u00e2n s\u1ed1.\u00a0<\/span><\/p>\n<p style=\"text-align: justify; padding-left: 40px;\"><span style=\"font-size: 16px;\">M\u1ee9c l\u01b0\u01a1ng t\u1ed1i thi\u1ec3u v\u00f9ng:<\/span><br \/><span style=\"font-size: 16px;\">3.630.000 VN\u0110\/th\u00e1ng t\u1eeb m\u00f9ng 1 th\u00e1ng 7 n\u0103m 2022 (t\u01b0\u01a1ng \u0111\u01b0\u01a1ng 157,8 USD\/th\u00e1ng)<\/span><\/p>\n<p style=\"padding-left: 40px;\">\u00a0<\/p>\n<\/td>\n<\/tr>\n<\/tbody>\n<\/table>\n<p style=\"text-align: justify;\">\u00a0<\/p>\n<p style=\"text-align: justify;\"><img loading=\"lazy\" class=\"alignnone size-full wp-image-2601\" src=\"http:\/\/khucongnghiep5-hungyen.com\/wp-content\/uploads\/2022\/08\/Group-38232-min.png\" alt=\"\" width=\"1396\" height=\"717\" srcset=\"https:\/\/asicland.vn\/china\/wp-content\/uploads\/2022\/08\/Group-38232-min.png 1396w, https:\/\/asicland.vn\/china\/wp-content\/uploads\/2022\/08\/Group-38232-min-779x400.png 779w, https:\/\/asicland.vn\/china\/wp-content\/uploads\/2022\/08\/Group-38232-min-768x394.png 768w\" sizes=\"(max-width: 1396px) 100vw, 1396px\" \/><\/p>\n<p><img loading=\"lazy\" class=\"alignnone size-full wp-image-2602\" src=\"http:\/\/khucongnghiep5-hungyen.com\/wp-content\/uploads\/2022\/08\/Group-38231-min.png\" alt=\"\" width=\"1550\" height=\"803\" srcset=\"https:\/\/asicland.vn\/china\/wp-content\/uploads\/2022\/08\/Group-38231-min.png 1550w, https:\/\/asicland.vn\/china\/wp-content\/uploads\/2022\/08\/Group-38231-min-772x400.png 772w, https:\/\/asicland.vn\/china\/wp-content\/uploads\/2022\/08\/Group-38231-min-1400x725.png 1400w, https:\/\/asicland.vn\/china\/wp-content\/uploads\/2022\/08\/Group-38231-min-768x398.png 768w, https:\/\/asicland.vn\/china\/wp-content\/uploads\/2022\/08\/Group-38231-min-1536x796.png 1536w\" sizes=\"(max-width: 1550px) 100vw, 1550px\" \/><\/p>\n<p style=\"text-align: justify;\"><span style=\"font-size: 24px;\"><strong>T\u1ea1i sao n\u00ean n\u00ean ch\u1ecdn Khu c\u00f4ng nghi\u1ec7p 5 H\u01b0ng Y\u00ean ?<\/strong><\/span><\/p>\n<ul style=\"list-style-type: circle;\">\n<li style=\"text-align: justify;\">S\u1ea3n ph\u1ea9m \u0111\u1ea1t ti\u00eau chu\u1ea9n ch\u1ea5t l\u01b0\u1ee3ng, to\u1ea1 l\u1ea1c t\u1ea1i v\u1ecb tr\u00ed v\u00e0ng, giao th\u00f4ng thu\u1eadn l\u1ee3i<\/li>\n<li style=\"text-align: justify;\">Lu\u00f4n \u0111\u1eb7t ti\u00eau ch\u00ed an to\u00e0n lao \u0111\u1ed9ng, b\u1ea3o v\u1ec7 m\u00f4i tr\u01b0\u1eddng l\u00ean h\u00e0ng \u0111\u1ea7u<\/li>\n<li style=\"text-align: justify;\">Ch\u1ee7 \u0111\u1ea7u t\u01b0 h\u1ed7 tr\u1ee3 doanh nghi\u1ec7p b\u1eb1ng c\u00e1c d\u1ecbch v\u1ee5 h\u1eefu \u00edch v\u1edbi chi ph\u00ed c\u1ea1nh tranh<\/li>\n<li style=\"text-align: justify;\">H\u1ea1 t\u1ea7ng k\u1ef9 thu\u1eadt, d\u1ecbch v\u1ee5 v\u00e0 x\u00e3 h\u1ed9i \u0111\u1ea7y \u0111\u1ee7, \u0111\u1ed3ng b\u1ed9<\/li>\n<li style=\"text-align: justify;\">H\u1ed7 tr\u1ee3 tuy\u1ec3n d\u1ee5ng nh\u00e2n s\u1ef1, ngu\u1ed3n lao \u0111\u1ed9ng ch\u1ea5t l\u01b0\u1ee3ng, d\u1ed3i d\u00e0o<\/li>\n<\/ul>\n<div style=\"text-align: left;\"><em><strong>H\u00e3y li\u00ean h\u1ec7 ngay v\u1edbi ch\u00fang t\u00f4i \u0111\u1ec3 nh\u1eadn th\u00eam t\u01b0 v\u1ea5n chi ti\u1ebft nh\u1ea5t.<\/strong><\/em><\/div>\n<\/div>\n","protected":false},"excerpt":{"rendered":"<p>H\u01b0ng Y\u00ean n\u1eb1m \u1edf trung t\u00e2m \u0111\u1ed3ng b\u1eb1ng s\u00f4ng H\u1ed3ng, s\u00e1t Th\u1ee7 \u0111\u00f4 H\u00e0 N\u1ed9i, ngu\u1ed3n l\u1ef1c d\u1ed3i d\u00e0o, giao th\u00f4ng thu\u1eadn l\u1ee3i trong k\u1ebf ho\u1ea1ch ph\u00e1t tri\u1ec3n kinh t\u1ebf &#8211; x\u00e3 h\u1ed9i, H\u01b0ng Y\u00ean \u0111\u1eb7c bi\u1ec7t ch\u00fa tr\u1ecdng thu h\u00fat \u0111\u1ea7u t\u01b0 trong v\u00e0 ngo\u00e0i n\u01b0\u1edbc v\u00e0o ph\u00e1t tri\u1ec3n c\u00f4ng nghi\u1ec7p v\u00e0 d\u1ecbch v\u1ee5, &#8230;<\/p>\n","protected":false},"author":1,"featured_media":0,"parent":0,"menu_order":0,"comment_status":"closed","ping_status":"closed","template":"","meta":[],"yoast_head":"<!-- This site is optimized with the Yoast SEO plugin v20.2.1 - https:\/\/yoast.com\/wordpress\/plugins\/seo\/ -->\n<title>asicland<\/title>\n<meta name=\"robots\" content=\"index, follow, max-snippet:-1, max-image-preview:large, max-video-preview:-1\" \/>\n<link rel=\"canonical\" href=\"https:\/\/asicland.vn\/china\/moi-truong-dau-tu-tai-hung-yen\/\" \/>\n<meta property=\"og:locale\" content=\"vi_VN\" \/>\n<meta property=\"og:type\" content=\"article\" \/>\n<meta property=\"og:title\" content=\"asicland\" \/>\n<meta property=\"og:description\" content=\"H\u01b0ng Y\u00ean n\u1eb1m \u1edf trung t\u00e2m \u0111\u1ed3ng b\u1eb1ng s\u00f4ng H\u1ed3ng, s\u00e1t Th\u1ee7 \u0111\u00f4 H\u00e0 N\u1ed9i, ngu\u1ed3n l\u1ef1c d\u1ed3i d\u00e0o, giao th\u00f4ng thu\u1eadn l\u1ee3i trong k\u1ebf ho\u1ea1ch ph\u00e1t tri\u1ec3n kinh t\u1ebf &#8211; x\u00e3 h\u1ed9i, H\u01b0ng Y\u00ean \u0111\u1eb7c bi\u1ec7t ch\u00fa tr\u1ecdng thu h\u00fat \u0111\u1ea7u t\u01b0 trong v\u00e0 ngo\u00e0i n\u01b0\u1edbc v\u00e0o ph\u00e1t tri\u1ec3n c\u00f4ng nghi\u1ec7p v\u00e0 d\u1ecbch v\u1ee5, ...\" \/>\n<meta property=\"og:url\" content=\"https:\/\/asicland.vn\/china\/moi-truong-dau-tu-tai-hung-yen\/\" \/>\n<meta property=\"og:site_name\" content=\"asicland\" \/>\n<meta property=\"article:modified_time\" content=\"2022-08-24T06:49:37+00:00\" \/>\n<meta property=\"og:image\" content=\"http:\/\/khucongnghiep5-hungyen.com\/wp-content\/uploads\/2022\/08\/Group-38232-min.png\" \/>\n<meta name=\"twitter:card\" content=\"summary_large_image\" \/>\n<meta name=\"twitter:label1\" content=\"\u01af\u1edbc t\u00ednh th\u1eddi gian \u0111\u1ecdc\" \/>\n\t<meta name=\"twitter:data1\" content=\"3 ph\u00fat\" \/>\n<script type=\"application\/ld+json\" class=\"yoast-schema-graph\">{\"@context\":\"https:\/\/schema.org\",\"@graph\":[{\"@type\":\"WebPage\",\"@id\":\"https:\/\/asicland.vn\/china\/moi-truong-dau-tu-tai-hung-yen\/\",\"url\":\"https:\/\/asicland.vn\/china\/moi-truong-dau-tu-tai-hung-yen\/\",\"name\":\"asicland\",\"isPartOf\":{\"@id\":\"https:\/\/asicland.vn\/china\/#website\"},\"datePublished\":\"2022-08-11T03:52:51+00:00\",\"dateModified\":\"2022-08-24T06:49:37+00:00\",\"breadcrumb\":{\"@id\":\"https:\/\/asicland.vn\/china\/moi-truong-dau-tu-tai-hung-yen\/#breadcrumb\"},\"inLanguage\":\"vi\",\"potentialAction\":[{\"@type\":\"ReadAction\",\"target\":[\"https:\/\/asicland.vn\/china\/moi-truong-dau-tu-tai-hung-yen\/\"]}]},{\"@type\":\"BreadcrumbList\",\"@id\":\"https:\/\/asicland.vn\/china\/moi-truong-dau-tu-tai-hung-yen\/#breadcrumb\",\"itemListElement\":[{\"@type\":\"ListItem\",\"position\":1,\"name\":\"Trang ch\u1ee7\",\"item\":\"https:\/\/asicland.vn\/china\/\"},{\"@type\":\"ListItem\",\"position\":2,\"name\":\"M\u00f4i tr\u01b0\u1eddng \u0111\u1ea7u t\u01b0 t\u1ea1i H\u01b0ng Y\u00ean\"}]},{\"@type\":\"WebSite\",\"@id\":\"https:\/\/asicland.vn\/china\/#website\",\"url\":\"https:\/\/asicland.vn\/china\/\",\"name\":\"asicland\",\"description\":\"\",\"potentialAction\":[{\"@type\":\"SearchAction\",\"target\":{\"@type\":\"EntryPoint\",\"urlTemplate\":\"https:\/\/asicland.vn\/china\/?s={search_term_string}\"},\"query-input\":\"required name=search_term_string\"}],\"inLanguage\":\"vi\"}]}<\/script>\n<!-- \/ Yoast SEO plugin. -->","yoast_head_json":{"title":"asicland","robots":{"index":"index","follow":"follow","max-snippet":"max-snippet:-1","max-image-preview":"max-image-preview:large","max-video-preview":"max-video-preview:-1"},"canonical":"https:\/\/asicland.vn\/china\/moi-truong-dau-tu-tai-hung-yen\/","og_locale":"vi_VN","og_type":"article","og_title":"asicland","og_description":"H\u01b0ng Y\u00ean n\u1eb1m \u1edf trung t\u00e2m \u0111\u1ed3ng b\u1eb1ng s\u00f4ng H\u1ed3ng, s\u00e1t Th\u1ee7 \u0111\u00f4 H\u00e0 N\u1ed9i, ngu\u1ed3n l\u1ef1c d\u1ed3i d\u00e0o, giao th\u00f4ng thu\u1eadn l\u1ee3i trong k\u1ebf ho\u1ea1ch ph\u00e1t tri\u1ec3n kinh t\u1ebf &#8211; x\u00e3 h\u1ed9i, H\u01b0ng Y\u00ean \u0111\u1eb7c bi\u1ec7t ch\u00fa tr\u1ecdng thu h\u00fat \u0111\u1ea7u t\u01b0 trong v\u00e0 ngo\u00e0i n\u01b0\u1edbc v\u00e0o ph\u00e1t tri\u1ec3n c\u00f4ng nghi\u1ec7p v\u00e0 d\u1ecbch v\u1ee5, ...","og_url":"https:\/\/asicland.vn\/china\/moi-truong-dau-tu-tai-hung-yen\/","og_site_name":"asicland","article_modified_time":"2022-08-24T06:49:37+00:00","og_image":[{"url":"http:\/\/khucongnghiep5-hungyen.com\/wp-content\/uploads\/2022\/08\/Group-38232-min.png"}],"twitter_card":"summary_large_image","twitter_misc":{"\u01af\u1edbc t\u00ednh th\u1eddi gian \u0111\u1ecdc":"3 ph\u00fat"},"schema":{"@context":"https:\/\/schema.org","@graph":[{"@type":"WebPage","@id":"https:\/\/asicland.vn\/china\/moi-truong-dau-tu-tai-hung-yen\/","url":"https:\/\/asicland.vn\/china\/moi-truong-dau-tu-tai-hung-yen\/","name":"asicland","isPartOf":{"@id":"https:\/\/asicland.vn\/china\/#website"},"datePublished":"2022-08-11T03:52:51+00:00","dateModified":"2022-08-24T06:49:37+00:00","breadcrumb":{"@id":"https:\/\/asicland.vn\/china\/moi-truong-dau-tu-tai-hung-yen\/#breadcrumb"},"inLanguage":"vi","potentialAction":[{"@type":"ReadAction","target":["https:\/\/asicland.vn\/china\/moi-truong-dau-tu-tai-hung-yen\/"]}]},{"@type":"BreadcrumbList","@id":"https:\/\/asicland.vn\/china\/moi-truong-dau-tu-tai-hung-yen\/#breadcrumb","itemListElement":[{"@type":"ListItem","position":1,"name":"Trang ch\u1ee7","item":"https:\/\/asicland.vn\/china\/"},{"@type":"ListItem","position":2,"name":"M\u00f4i tr\u01b0\u1eddng \u0111\u1ea7u t\u01b0 t\u1ea1i H\u01b0ng Y\u00ean"}]},{"@type":"WebSite","@id":"https:\/\/asicland.vn\/china\/#website","url":"https:\/\/asicland.vn\/china\/","name":"asicland","description":"","potentialAction":[{"@type":"SearchAction","target":{"@type":"EntryPoint","urlTemplate":"https:\/\/asicland.vn\/china\/?s={search_term_string}"},"query-input":"required name=search_term_string"}],"inLanguage":"vi"}]}},"_links":{"self":[{"href":"https:\/\/asicland.vn\/china\/wp-json\/wp\/v2\/pages\/2298"}],"collection":[{"href":"https:\/\/asicland.vn\/china\/wp-json\/wp\/v2\/pages"}],"about":[{"href":"https:\/\/asicland.vn\/china\/wp-json\/wp\/v2\/types\/page"}],"author":[{"embeddable":true,"href":"https:\/\/asicland.vn\/china\/wp-json\/wp\/v2\/users\/1"}],"replies":[{"embeddable":true,"href":"https:\/\/asicland.vn\/china\/wp-json\/wp\/v2\/comments?post=2298"}],"version-history":[{"count":29,"href":"https:\/\/asicland.vn\/china\/wp-json\/wp\/v2\/pages\/2298\/revisions"}],"predecessor-version":[{"id":2631,"href":"https:\/\/asicland.vn\/china\/wp-json\/wp\/v2\/pages\/2298\/revisions\/2631"}],"wp:attachment":[{"href":"https:\/\/asicland.vn\/china\/wp-json\/wp\/v2\/media?parent=2298"}],"curies":[{"name":"wp","href":"https:\/\/api.w.org\/{rel}","templated":true}]}}